{"id":5503,"date":"2016-02-21T23:37:09","date_gmt":"2016-02-21T22:37:09","guid":{"rendered":"http:\/\/www.franciszkanie-warszawa.pl\/?page_id=5503"},"modified":"2022-10-25T11:40:48","modified_gmt":"2022-10-25T09:40:48","slug":"mwanga-via-moshi","status":"publish","type":"page","link":"https:\/\/www.franciszkanie-warszawa.pl\/?page_id=5503","title":{"rendered":"Mwanga via Moshi"},"content":{"rendered":"<div   data-size='entry_without_sidebar'  data-lightbox_size='large'  data-animation='fade'  data-conditional_play=''  data-ids='5514'  data-video_counter='0'  data-autoplay='true'  data-bg_slider='false'  data-slide_height=''  data-handle='av_slideshow'  data-interval='5'  data-class=' avia-builder-el-0  el_before_av_one_full  avia-builder-el-first  '  data-el_id=''  data-css_id=''  data-scroll_down=''  data-control_layout='av-control-hidden'  data-custom_markup=''  data-perma_caption=''  data-autoplay_stopper=''  data-image_attachment=''  data-min_height='0px'  data-lazy_loading='disabled'  data-default-height='34.95867768595'  class='avia-slideshow avia-slideshow-1  av-control-hidden av-default-height-applied avia-slideshow-entry_without_sidebar av_slideshow  avia-builder-el-0  el_before_av_one_full  avia-builder-el-first   avia-fade-slider '  itemprop=\"image\" itemscope=\"itemscope\" itemtype=\"https:\/\/schema.org\/ImageObject\" ><ul class='avia-slideshow-inner ' style='padding-bottom: 34.95867768595%;' ><li  class=' av-single-slide slide-1 ' ><div data-rel='slideshow-1' class='avia-slide-wrap '   ><img decoding=\"async\" class=\"wp-image-5514 avia-img-lazy-loading-not-5514\"  src=\"https:\/\/www.franciszkanie-warszawa.pl\/wp-content\/uploads\/2016\/02\/Mt_Uluguru_and_Sisal_plantations-1-1210x423.jpg\" width=\"1210\" height=\"423\" title='Mt Uluguru' alt=''  itemprop=\"thumbnailUrl\"   \/><\/div><\/li><\/ul><\/div>\n<div class=\"flex_column av_one_full  av-animated-generic bottom-to-top  flex_column_div av-zero-column-padding first  avia-builder-el-1  el_after_av_slideshow  el_before_av_one_full  \" style='margin-top:0px; margin-bottom:-50px; border-radius:0px; '><p><div  style='padding-bottom:0px; ' class='av-special-heading av-special-heading-h2  blockquote modern-quote  avia-builder-el-2  el_before_av_hr  avia-builder-el-first  '><h2 class='av-special-heading-tag '  itemprop=\"headline\"  >Mwanga via Moshi<\/h2><div class='special-heading-border'><div class='special-heading-inner-border' ><\/div><\/div><\/div><br \/>\n<div  style=' margin-top:10px; margin-bottom:10px;'  class='hr hr-custom hr-left hr-icon-no   avia-builder-el-3  el_after_av_heading  avia-builder-el-last '><span class='hr-inner  inner-border-av-border-fat' style=' width:50px; border-color:#efbb20;' ><span class='hr-inner-style'><\/span><\/span><\/div><\/p><\/div>\n<div class=\"flex_column av_one_full  av-animated-generic bottom-to-top  flex_column_div first  avia-builder-el-4  el_after_av_one_full  el_before_av_one_half  column-top-margin\" style='border-width:1px; border-color:#e1e1e1; border-style:solid; padding:20px; background-color:#fcfcfc; border-radius:0px; '><section class=\"av_textblock_section \"  itemscope=\"itemscope\" itemtype=\"https:\/\/schema.org\/CreativeWork\" ><div class='avia_textblock  '   itemprop=\"text\" ><p style=\"text-align: center;\"><strong>Adres klasztoru pw. \u015bw. Franciszka w Mwanga:<\/strong><br \/>\nConventual Franciscan Friars<br \/>\nP.O. Box 184,\u00a0 MWANGA &#8211; KILIMANIARO,<br \/>\nDiecezja Same, Tanzania<br \/>\ntelefon +255 782 051 518<br \/>\ne-mail: <a href=\"mailto:mwangafra@satconet.net\">mwangafra@satconet.net<\/a><\/p>\n<p style=\"text-align: center;\"><strong>Aktualnie w Mwanga pracuj\u0105:<\/strong><br \/>\no. Dariusz Szymborski \u2013 gwardian, proboszcz<br \/>\no. Ryszard Bednarz<\/p>\n<\/div><\/section><\/div><div class=\"flex_column av_one_half  av-animated-generic bottom-to-top  flex_column_div av-zero-column-padding first  avia-builder-el-6  el_after_av_one_full  el_before_av_one_half  column-top-margin\" style='border-radius:0px; '><section class=\"av_textblock_section \"  itemscope=\"itemscope\" itemtype=\"https:\/\/schema.org\/CreativeWork\" ><div class='avia_textblock  '   itemprop=\"text\" ><p><strong>Mwanga via Moshi<\/strong> w diecezji Same (region Kili\u00admand\u017caro) &#8211; to chrono\u00adlogicznie pierwsza afry\u00adka\u0144ska plac\u00f3wka fran\u00adciszkan\u00f3w w Tanzanii, za\u0142o\u00ad\u017cona w pa\u017adzier\u00adniku 1988 r. Misjonarze fran\u00adciszka\u0144scy sprawowali Eucha\u00adrysti\u0119 pocz\u0105tkowo w budynku szkolnym, nast\u0119pnie w gara\u017cu, wreszcie w \u015bwi\u0105tyni, kt\u00f3ra z trudem by\u0142a w stanie pomie\u015bci\u0107 wszyst\u00adkich wiernych, szczerze szukaj\u0105cych Chrystusa i pragn\u0105cych si\u0119 modli\u0107.<\/p>\n<p>W kwietniu 2006 r. fran\u00adciszka\u0144ski ko\u015bci\u00f3\u0142 w Mwanga dost\u0105pi\u0142 nie\u00adzwyk\u0142ego zaszczytu. Miej\u00adsco\u00adwy biskup Jacob Koda, ordy\u00adnariusz die\u00adcezji Same, og\u0142osi\u0142 ko\u015bci\u00f3\u0142 w Mwanga diecez\u00adjalnym sanktu\u00adarium Bo\u017cego Mi\u0142o\u00adsierdzia. Od tej pory \u015bwi\u0105\u00adtynia nosi tytu\u0142: <strong>Yesu Mwenye Huruma &#8211; Sanktu\u00adarium Bo\u017cego Mi\u0142o\u00adsierdzia<\/strong>. Wyda\u00adrzenie to by\u0142o wielkim prze\u00ad\u017cyciem zar\u00f3wno dla miesz\u00adka\u0144c\u00f3w parafii. Do nowo utworzonego sanktu\u00adarium zacz\u0119li przybywa\u0107 pielgrzymi, zar\u00f3wno z terenu die\u00adcezji jak te\u017c z dal\u00adszych stron.<\/p>\n<p>Opr\u00f3cz &#8220;g\u0142\u00f3wnej&#8221; \u015bwi\u0105tyni, parafia posiada jeszcze 8 kaplic dojaz\u00addowych (<em>outstations<\/em>) w okolicz\u00adnych wios\u00adkach (Kiwanja, Kagongo, Bora, Handeni, Kiomo, Kileo, Kalimani i Kifaru). S\u0105 one roz\u00adrzucone w pro\u00admieniu 30 km od ko\u015bcio\u0142a g\u0142\u00f3wnego, a misjonarze docie\u00adraj\u0105 do nich w ka\u017cd\u0105 niedziel\u0119. Mieszka\u0144cy wspom\u00adnianych wiosek &#8211; jak ca\u0142ego regionu Mwanga &#8211; to ludzie ubodzy, jednak nawet ub\u00f3stwo nie zgasi\u0142o w nich ducha rado\u015bci.<\/p>\n<\/div><\/section><\/div><div class=\"flex_column av_one_half  av-animated-generic bottom-to-top  flex_column_div av-zero-column-padding   avia-builder-el-8  el_after_av_one_half  el_before_av_one_half  column-top-margin\" style='border-radius:0px; '><p><section class=\"av_textblock_section \"  itemscope=\"itemscope\" itemtype=\"https:\/\/schema.org\/CreativeWork\" ><div class='avia_textblock  '   itemprop=\"text\" ><p>Warto te\u017c wspomnie\u0107, \u017ce w Mwanga funkcjo\u00adnuje przed\u00adszkole pw. \u015bw. Teresy od Dzieci\u0105tka Jezus. Cieszy si\u0119 ono du\u017c\u0105 popu\u00adlarno\u015bci\u0105 &#8211; ucz\u0119szcza do niego ponad 40 dzieci. Inna sprawa, \u017ce ka\u017cda wioska pragnie mie\u0107 w\u0142asne przed\u00adszkole, gdy\u017c dzieci jest bardzo wiele. Powa\u017cny problem stanowi jednak brak funduszy, dlatego te\u017c np. w wiosce Kali\u00admani istnieje przed\u00adszkole &#8220;w cieniu drzewa&#8221; &#8211; czyli pod go\u0142ym niebem.<\/p>\n<p><strong>Plany i zadania na przysz\u0142o\u015b\u0107:<\/strong><br \/>\n&#8211; doko\u0144\u00adczenie budowy ko\u015bcio\u0142a<br \/>\n&#8211; szerzenie kultu Mi\u0142osierdzia Bo\u017cego;<br \/>\n&#8211; obs\u0142uga piel\u00adgrzym\u00f3w przyby\u00adwaj\u0105cych do sanktuarium w Mwanga.<\/p>\n<\/div><\/section><br \/>\n<div id='av-masonry-1' class='av-masonry  noHover av-fixed-size av-large-gap av-hover-overlay-active av-masonry-animation-active av-masonry-col-3 av-caption-always av-caption-style- av-masonry-gallery     '  ><div class='av-masonry-container isotope av-js-disabled ' ><div class='av-masonry-entry isotope-item av-masonry-item-no-image '><\/div><a href=\"https:\/\/www.franciszkanie-warszawa.pl\/wp-content\/uploads\/2016\/02\/100_0849-773x1030.jpg\"  aria-label=\"image 100_0849\"  id='av-masonry-1-item-5516' data-av-masonry-item='5516' class='av-masonry-entry isotope-item post-5516 attachment type-attachment status-inherit hentry  av-masonry-item-with-image av-grid-img' title=\"100_0849\" alt=\"\"   itemprop=\"thumbnailUrl\" ><div class='av-inner-masonry-sizer'><\/div><figure class='av-inner-masonry main_color'><div class=\"av-masonry-outerimage-container\"><div class=\"av-masonry-image-container\" style=\"background-image: url(https:\/\/www.franciszkanie-warszawa.pl\/wp-content\/uploads\/2016\/02\/100_0849-529x705.jpg);\" title=\"100_0849\" ><\/div><\/div><\/figure><\/a><!--end av-masonry entry--><a href=\"https:\/\/www.franciszkanie-warszawa.pl\/wp-content\/uploads\/2016\/02\/111-1196_IMG-1030x773.jpg\"  aria-label=\"image 111-1196_IMG\"  id='av-masonry-1-item-5517' data-av-masonry-item='5517' class='av-masonry-entry isotope-item post-5517 attachment type-attachment status-inherit hentry  av-masonry-item-with-image av-grid-img' title=\"111-1196_IMG\" alt=\"\"   itemprop=\"thumbnailUrl\" ><div class='av-inner-masonry-sizer'><\/div><figure class='av-inner-masonry main_color'><div class=\"av-masonry-outerimage-container\"><div class=\"av-masonry-image-container\" style=\"background-image: url(https:\/\/www.franciszkanie-warszawa.pl\/wp-content\/uploads\/2016\/02\/111-1196_IMG-705x529.jpg);\" title=\"111-1196_IMG\" ><\/div><\/div><\/figure><\/a><!--end av-masonry entry--><a href=\"https:\/\/www.franciszkanie-warszawa.pl\/wp-content\/uploads\/2016\/02\/111-1198_IMG-1030x773.jpg\"  aria-label=\"image 111-1198_IMG\"  id='av-masonry-1-item-5518' data-av-masonry-item='5518' class='av-masonry-entry isotope-item post-5518 attachment type-attachment status-inherit hentry  av-masonry-item-with-image av-grid-img' title=\"111-1198_IMG\" alt=\"\"   itemprop=\"thumbnailUrl\" ><div class='av-inner-masonry-sizer'><\/div><figure class='av-inner-masonry main_color'><div class=\"av-masonry-outerimage-container\"><div class=\"av-masonry-image-container\" style=\"background-image: url(https:\/\/www.franciszkanie-warszawa.pl\/wp-content\/uploads\/2016\/02\/111-1198_IMG-705x529.jpg);\" title=\"111-1198_IMG\" ><\/div><\/div><\/figure><\/a><!--end av-masonry entry--><a href=\"https:\/\/www.franciszkanie-warszawa.pl\/wp-content\/uploads\/2016\/02\/123-2399_IMG-1030x773.jpg\"  aria-label=\"image 123-2399_IMG\"  id='av-masonry-1-item-5519' data-av-masonry-item='5519' class='av-masonry-entry isotope-item post-5519 attachment type-attachment status-inherit hentry  av-masonry-item-with-image av-grid-img' title=\"123-2399_IMG\" alt=\"\"   itemprop=\"thumbnailUrl\" ><div class='av-inner-masonry-sizer'><\/div><figure class='av-inner-masonry main_color'><div class=\"av-masonry-outerimage-container\"><div class=\"av-masonry-image-container\" style=\"background-image: url(https:\/\/www.franciszkanie-warszawa.pl\/wp-content\/uploads\/2016\/02\/123-2399_IMG-705x529.jpg);\" title=\"123-2399_IMG\" ><\/div><\/div><\/figure><\/a><!--end av-masonry entry--><a href=\"https:\/\/www.franciszkanie-warszawa.pl\/wp-content\/uploads\/2016\/02\/124-2403_IMG-1030x773.jpg\"  aria-label=\"image 124-2403_IMG\"  id='av-masonry-1-item-5520' data-av-masonry-item='5520' class='av-masonry-entry isotope-item post-5520 attachment type-attachment status-inherit hentry  av-masonry-item-with-image av-grid-img' title=\"124-2403_IMG\" alt=\"\"   itemprop=\"thumbnailUrl\" ><div class='av-inner-masonry-sizer'><\/div><figure class='av-inner-masonry main_color'><div class=\"av-masonry-outerimage-container\"><div class=\"av-masonry-image-container\" style=\"background-image: url(https:\/\/www.franciszkanie-warszawa.pl\/wp-content\/uploads\/2016\/02\/124-2403_IMG-705x529.jpg);\" title=\"124-2403_IMG\" ><\/div><\/div><\/figure><\/a><!--end av-masonry entry--><a href=\"https:\/\/www.franciszkanie-warszawa.pl\/wp-content\/uploads\/2016\/02\/124-2412_IMG-1030x773.jpg\"  aria-label=\"image 124-2412_IMG\"  id='av-masonry-1-item-5521' data-av-masonry-item='5521' class='av-masonry-entry isotope-item post-5521 attachment type-attachment status-inherit hentry  av-masonry-item-with-image av-grid-img' title=\"124-2412_IMG\" alt=\"\"   itemprop=\"thumbnailUrl\" ><div class='av-inner-masonry-sizer'><\/div><figure class='av-inner-masonry main_color'><div class=\"av-masonry-outerimage-container\"><div class=\"av-masonry-image-container\" style=\"background-image: url(https:\/\/www.franciszkanie-warszawa.pl\/wp-content\/uploads\/2016\/02\/124-2412_IMG-705x529.jpg);\" title=\"124-2412_IMG\" ><\/div><\/div><\/figure><\/a><!--end av-masonry entry--><a href=\"https:\/\/www.franciszkanie-warszawa.pl\/wp-content\/uploads\/2016\/02\/DSC00930-1030x773.jpg\"  aria-label=\"image DSC00930\"  id='av-masonry-1-item-5522' data-av-masonry-item='5522' class='av-masonry-entry isotope-item post-5522 attachment type-attachment status-inherit hentry  av-masonry-item-with-image av-grid-img' title=\"DSC00930\" alt=\"\"   itemprop=\"thumbnailUrl\" ><div class='av-inner-masonry-sizer'><\/div><figure class='av-inner-masonry main_color'><div class=\"av-masonry-outerimage-container\"><div class=\"av-masonry-image-container\" style=\"background-image: url(https:\/\/www.franciszkanie-warszawa.pl\/wp-content\/uploads\/2016\/02\/DSC00930-705x529.jpg);\" title=\"DSC00930\" ><\/div><\/div><\/figure><\/a><!--end av-masonry entry--><a href=\"https:\/\/www.franciszkanie-warszawa.pl\/wp-content\/uploads\/2016\/02\/DSC00964-1030x773.jpg\"  aria-label=\"image DSC00964\"  id='av-masonry-1-item-5523' data-av-masonry-item='5523' class='av-masonry-entry isotope-item post-5523 attachment type-attachment status-inherit hentry  av-masonry-item-with-image av-grid-img' title=\"DSC00964\" alt=\"\"   itemprop=\"thumbnailUrl\" ><div class='av-inner-masonry-sizer'><\/div><figure class='av-inner-masonry main_color'><div class=\"av-masonry-outerimage-container\"><div class=\"av-masonry-image-container\" style=\"background-image: url(https:\/\/www.franciszkanie-warszawa.pl\/wp-content\/uploads\/2016\/02\/DSC00964-705x529.jpg);\" title=\"DSC00964\" ><\/div><\/div><\/figure><\/a><!--end av-masonry entry--><a href=\"https:\/\/www.franciszkanie-warszawa.pl\/wp-content\/uploads\/2016\/02\/DSC00978-1030x773.jpg\"  aria-label=\"image DSC00978\"  id='av-masonry-1-item-5524' data-av-masonry-item='5524' class='av-masonry-entry isotope-item post-5524 attachment type-attachment status-inherit hentry  av-masonry-item-with-image av-grid-img' title=\"DSC00978\" alt=\"\"   itemprop=\"thumbnailUrl\" ><div class='av-inner-masonry-sizer'><\/div><figure class='av-inner-masonry main_color'><div class=\"av-masonry-outerimage-container\"><div class=\"av-masonry-image-container\" style=\"background-image: url(https:\/\/www.franciszkanie-warszawa.pl\/wp-content\/uploads\/2016\/02\/DSC00978-705x529.jpg);\" title=\"DSC00978\" ><\/div><\/div><\/figure><\/a><!--end av-masonry entry--><a href=\"https:\/\/www.franciszkanie-warszawa.pl\/wp-content\/uploads\/2016\/02\/DSCF2047-1030x773.jpg\"  aria-label=\"image DSCF2047\"  id='av-masonry-1-item-5525' data-av-masonry-item='5525' class='av-masonry-entry isotope-item post-5525 attachment type-attachment status-inherit hentry  av-masonry-item-with-image av-grid-img' title=\"DSCF2047\" alt=\"\"   itemprop=\"thumbnailUrl\" ><div class='av-inner-masonry-sizer'><\/div><figure class='av-inner-masonry main_color'><div class=\"av-masonry-outerimage-container\"><div class=\"av-masonry-image-container\" style=\"background-image: url(https:\/\/www.franciszkanie-warszawa.pl\/wp-content\/uploads\/2016\/02\/DSCF2047-705x529.jpg);\" title=\"DSCF2047\" ><\/div><\/div><\/figure><\/a><!--end av-masonry entry--><a href=\"https:\/\/www.franciszkanie-warszawa.pl\/wp-content\/uploads\/2016\/02\/DSCN0488-1030x773.jpg\"  aria-label=\"image DSCN0488\"  id='av-masonry-1-item-5526' data-av-masonry-item='5526' class='av-masonry-entry isotope-item post-5526 attachment type-attachment status-inherit hentry  av-masonry-item-with-image av-grid-img' title=\"DSCN0488\" alt=\"\"   itemprop=\"thumbnailUrl\" ><div class='av-inner-masonry-sizer'><\/div><figure class='av-inner-masonry main_color'><div class=\"av-masonry-outerimage-container\"><div class=\"av-masonry-image-container\" style=\"background-image: url(https:\/\/www.franciszkanie-warszawa.pl\/wp-content\/uploads\/2016\/02\/DSCN0488-705x529.jpg);\" title=\"DSCN0488\" ><\/div><\/div><\/figure><\/a><!--end av-masonry entry--><a href=\"https:\/\/www.franciszkanie-warszawa.pl\/wp-content\/uploads\/2016\/02\/DSCN0490-1030x773.jpg\"  aria-label=\"image DSCN0490\"  id='av-masonry-1-item-5527' data-av-masonry-item='5527' class='av-masonry-entry isotope-item post-5527 attachment type-attachment status-inherit hentry  av-masonry-item-with-image av-grid-img' title=\"DSCN0490\" alt=\"\"   itemprop=\"thumbnailUrl\" ><div class='av-inner-masonry-sizer'><\/div><figure class='av-inner-masonry main_color'><div class=\"av-masonry-outerimage-container\"><div class=\"av-masonry-image-container\" style=\"background-image: url(https:\/\/www.franciszkanie-warszawa.pl\/wp-content\/uploads\/2016\/02\/DSCN0490-705x529.jpg);\" title=\"DSCN0490\" ><\/div><\/div><\/figure><\/a><!--end av-masonry entry--><\/div><div class='av-masonry-pagination av-masonry-pagination-pagination'><nav class='pagination'><span class='pagination-meta'>Strona 1 z 4<\/span><span class='current'>1<\/span><a href='https:\/\/www.franciszkanie-warszawa.pl\/index.php?rest_route=%2Fwp%2Fv2%2Fpages%2F5503&#038;paged=2' class='inactive next_page' >2<\/a><a href='https:\/\/www.franciszkanie-warszawa.pl\/index.php?rest_route=%2Fwp%2Fv2%2Fpages%2F5503&#038;paged=3' class='inactive' >3<\/a><a href='https:\/\/www.franciszkanie-warszawa.pl\/index.php?rest_route=%2Fwp%2Fv2%2Fpages%2F5503&#038;paged=4' class='inactive' >4<\/a><\/nav>\n<\/div><\/div><\/p><\/div><div class=\"flex_column av_one_half  av-animated-generic bottom-to-top  flex_column_div av-zero-column-padding first  avia-builder-el-11  el_after_av_one_half  el_before_av_one_full  column-top-margin\" style='border-radius:0px; '><p><div  style='padding-bottom:0px; ' class='av-special-heading av-special-heading-h2  blockquote modern-quote  avia-builder-el-12  el_before_av_hr  avia-builder-el-first  '><h2 class='av-special-heading-tag '  itemprop=\"headline\"  >Jak nas znale\u017a\u0107<\/h2><div class='special-heading-border'><div class='special-heading-inner-border' ><\/div><\/div><\/div><br \/>\n<div  style=' margin-top:10px; margin-bottom:10px;'  class='hr hr-custom hr-left hr-icon-no   avia-builder-el-13  el_after_av_heading  el_before_av_google_map  avia-builder-el-last '><span class='hr-inner  inner-border-av-border-fat' style=' width:50px; border-color:#efbb20;' ><span class='hr-inner-style'><\/span><\/span><\/div><br \/>\n<div  class='av_gmaps_sc_main_wrap av_gmaps_main_wrap '><div id='av_gmap_0' class='avia-google-map-container avia-google-map-sc av_gmaps_show_unconditionally av-no-fallback-img ' data-mapid='av_gmap_0'  style='height: 400px;'><a class=\"av_gmaps_browser_disabled av_text_confirm_link av_text_confirm_link_visible\" href=\"https:\/\/www.google.com\/maps\/search\/?api=1&#038;query=-3.3354347,37.31812200000002\" target=\"_blank\" rel=\"noopener\">Maps were disabled by the visitor on this site. Click to open the map in a new window.<\/a><\/div><\/div><\/p><\/div><\/p>\n<div class=\"flex_column av_one_full  av-animated-generic bottom-to-top  flex_column_div av-zero-column-padding first  avia-builder-el-15  el_after_av_one_half  avia-builder-el-last  column-top-margin\" style='border-radius:0px; '><\/div>\n","protected":false},"excerpt":{"rendered":"","protected":false},"author":1,"featured_media":0,"parent":0,"menu_order":0,"comment_status":"closed","ping_status":"closed","template":"","meta":{"_crdt_document":"","footnotes":""},"class_list":["post-5503","page","type-page","status-publish","hentry"],"_links":{"self":[{"href":"https:\/\/www.franciszkanie-warszawa.pl\/index.php?rest_route=\/wp\/v2\/pages\/5503","targetHints":{"allow":["GET"]}}],"collection":[{"href":"https:\/\/www.franciszkanie-warszawa.pl\/index.php?rest_route=\/wp\/v2\/pages"}],"about":[{"href":"https:\/\/www.franciszkanie-warszawa.pl\/index.php?rest_route=\/wp\/v2\/types\/page"}],"author":[{"embeddable":true,"href":"https:\/\/www.franciszkanie-warszawa.pl\/index.php?rest_route=\/wp\/v2\/users\/1"}],"replies":[{"embeddable":true,"href":"https:\/\/www.franciszkanie-warszawa.pl\/index.php?rest_route=%2Fwp%2Fv2%2Fcomments&post=5503"}],"version-history":[{"count":0,"href":"https:\/\/www.franciszkanie-warszawa.pl\/index.php?rest_route=\/wp\/v2\/pages\/5503\/revisions"}],"wp:attachment":[{"href":"https:\/\/www.franciszkanie-warszawa.pl\/index.php?rest_route=%2Fwp%2Fv2%2Fmedia&parent=5503"}],"curies":[{"name":"wp","href":"https:\/\/api.w.org\/{rel}","templated":true}]}}