{"id":3470,"date":"2022-10-12T12:12:40","date_gmt":"2022-10-12T10:12:40","guid":{"rendered":"http:\/\/serwer1310789.home.pl\/prowincja\/?page_id=3470"},"modified":"2024-07-25T15:35:15","modified_gmt":"2024-07-25T13:35:15","slug":"udzial","status":"publish","type":"page","link":"https:\/\/www.franciszkanie-warszawa.pl\/?page_id=3470","title":{"rendered":"Udzia\u0142"},"content":{"rendered":"<div   data-size='entry_without_sidebar'  data-lightbox_size='large'  data-animation='fade'  data-conditional_play=''  data-ids='3473'  data-video_counter='0'  data-autoplay='true'  data-bg_slider='false'  data-slide_height=''  data-handle='av_slideshow'  data-interval='5'  data-class=' avia-builder-el-0  el_before_av_one_full  avia-builder-el-first  '  data-el_id=''  data-css_id=''  data-scroll_down=''  data-control_layout='av-control-hidden'  data-custom_markup=''  data-perma_caption=''  data-autoplay_stopper=''  data-image_attachment=''  data-min_height='0px'  data-lazy_loading='disabled'  data-default-height='34.95867768595'  class='avia-slideshow avia-slideshow-1  av-control-hidden av-default-height-applied avia-slideshow-entry_without_sidebar av_slideshow  avia-builder-el-0  el_before_av_one_full  avia-builder-el-first   avia-fade-slider '  itemprop=\"image\" itemscope=\"itemscope\" itemtype=\"https:\/\/schema.org\/ImageObject\" ><ul class='avia-slideshow-inner ' style='padding-bottom: 75%;' ><li  class=' av-single-slide slide-1 ' ><div data-rel='slideshow-1' class='avia-slide-wrap '   ><img decoding=\"async\" class=\"wp-image-3473 avia-img-lazy-loading-not-3473\"  src=\"https:\/\/www.franciszkanie-warszawa.pl\/wp-content\/uploads\/2015\/12\/vihludzi01-02.jpg\" width=\"500\" height=\"375\" title='vihludzi01-02' alt=''  itemprop=\"thumbnailUrl\" srcset=\"https:\/\/www.franciszkanie-warszawa.pl\/wp-content\/uploads\/2015\/12\/vihludzi01-02.jpg 500w, https:\/\/www.franciszkanie-warszawa.pl\/wp-content\/uploads\/2015\/12\/vihludzi01-02-300x225.jpg 300w, https:\/\/www.franciszkanie-warszawa.pl\/wp-content\/uploads\/2015\/12\/vihludzi01-02-450x338.jpg 450w\" sizes=\"(max-width: 500px) 100vw, 500px\" \/><\/div><\/li><\/ul><\/div>\n<div class=\"flex_column av_one_full  av-animated-generic bottom-to-top  flex_column_div av-zero-column-padding first  avia-builder-el-1  el_after_av_slideshow  el_before_av_one_full  \" style='margin-top:0px; margin-bottom:-50px; border-radius:0px; '><p><div  style='padding-bottom:0px; ' class='av-special-heading av-special-heading-h2  blockquote modern-quote  avia-builder-el-2  el_before_av_hr  avia-builder-el-first  '><h2 class='av-special-heading-tag '  itemprop=\"headline\"  >Udzia\u0142<\/h2><div class='special-heading-border'><div class='special-heading-inner-border' ><\/div><\/div><\/div><br \/>\n<div  style=' margin-top:10px; margin-bottom:10px;'  class='hr hr-custom hr-left hr-icon-no   avia-builder-el-3  el_after_av_heading  avia-builder-el-last '><span class='hr-inner  inner-border-av-border-fat' style=' width:50px; border-color:#efbb20;' ><span class='hr-inner-style'><\/span><\/span><\/div><\/p><\/div>\n<div class=\"flex_column av_one_full  av-animated-generic bottom-to-top  flex_column_div first  avia-builder-el-4  el_after_av_one_full  el_before_av_one_half  column-top-margin\" style='border-width:1px; border-color:#e1e1e1; border-style:solid; padding:20px; background-color:#fcfcfc; border-radius:0px; '><section class=\"av_textblock_section \"  itemscope=\"itemscope\" itemtype=\"https:\/\/schema.org\/CreativeWork\" ><div class='avia_textblock  '   itemprop=\"text\" ><p style=\"text-align: center;\"><strong>Tytu\u0142 klasztoru: Niepokalanego Pocz\u0119cia NMP<br \/>\nTytu\u0142 parafii: <strong>Niepokalanego Pocz\u0119cia NMP<\/strong><\/strong><\/p>\n<p style=\"text-align: center;\">\u0412\u0438\u0442\u0435\u0431\u0441\u043a\u0430\u044f \u043e\u0431\u043b., \u0413\u043b\u0443\u0431\u043e\u043a\u0441\u043a\u0438\u0439 \u0440-\u043e\u043d<br \/>\n211806 \u0423\u0414\u0415\u041b\u041e, \u0443\u043b. \u041d\u0430\u0431\u0435\u0440\u0430\u0436\u043d\u0430\u044f 2<\/p>\n<p style=\"text-align: center;\">tel. 8 02156 315 16 (z Bia\u0142orusi)<br \/>\n+375 2156 315 16 (z zagranicy)<br \/>\ne-mail: <a href=\"mailto:klasztor.udzial@wp.pl\">klasztor.udzial@wp.pl<\/a><\/p>\n<p style=\"text-align: center;\">Gwardianem i proboszczem jest o. Waldemar Kujawa<\/p>\n<\/div><\/section><\/div><div class=\"flex_column av_one_half  av-animated-generic bottom-to-top  flex_column_div av-zero-column-padding first  avia-builder-el-6  el_after_av_one_full  el_before_av_one_half  column-top-margin\" style='border-radius:0px; '><section class=\"av_textblock_section \"  itemscope=\"itemscope\" itemtype=\"https:\/\/schema.org\/CreativeWork\" ><div class='avia_textblock  '   itemprop=\"text\" ><p>Rys historyczny<\/p>\n<p>Pierwszy ko\u015bci\u00f3\u0142 i klasztor franciszkan\u00f3w, ufundowany przez wojewod\u0119 m\u015bcis\u0142awskiego J\u00f3zefa Korsaka i jego ma\u0142\u017conk\u0119, by\u0142 drewniany. Obecny, murowany, uko\u0144czony u schy\u0142ku XVIII wieku; przebudowywany i remontowany kilkakrotnie w XIX wieku. Zamkni\u0119ty w 1949, zwr\u00f3cony wiernym w 1988.<\/p>\n<p>O historii ko\u015bcio\u0142a opowiadaj\u0105 cztery tablice umieszczone wysoko na \u015bcianach prezbiterium. Ciekawe r\u00f3wnie\u017c z tego wzgl\u0119du, \u017ce m\u00f3wi\u0105 j\u0119zykiem i stylem swego czasu. Ich zdj\u0119cia i tekst (ze wsp\u00f3\u0142czesn\u0105 pisowni\u0105 wyraz\u00f3w, lecz z zachowaniem wielkich liter z orygina\u0142u i interpunkcji) zamieszczono chronologicznie:<\/p>\n<blockquote>\n<p>J\u00f3zef i Marianna ze Szwejkowskich Udzialscy Korsakowie. Ziemianie Jego Kr\u00f3lewskiej Mo\u015bci. Ma\u0142\u017conkowie w dobrach swoich dziedzicznych Udziale wojew\u00f3dztwa i Powiatu Po\u0142ockiego Fundowali O.O. Franciszkan\u00f3w R. 1642. Lipca 30 dnia takowy fundusz obj\u0119li urz\u0119dowanie Franciszkanie R. 1643. Miesi\u0105ca Augusta 21. dnia za utwierdzeniem Kr\u00f3la Polskiego W\u0142adys\u0142awa IV.<\/p>\n<p>na murowany ten Ko\u015bci\u00f3\u0142 Parafialny pod tytu\u0142em Naj\u015bwi\u0119tszej Marii Panny Niepokalanego pocz\u0119cia Kamie\u0144 w\u0119gielny po\u0142o\u017cy\u0142 Ja\u015bnie Wielmo\u017cny Felix Towia\u0144ski wys\u0142u\u017cony Prowincja\u0142 litewskich Franciszkan\u00f3w Biskup Karpazye\u0144ski Sufragan Bia\u0142o Ruski. Roku 1777. Listopada 8 dnia.<\/p>\n<\/blockquote>\n<\/div><\/section><\/div><\/p>\n<div class=\"flex_column av_one_half  av-animated-generic bottom-to-top  flex_column_div av-zero-column-padding   avia-builder-el-8  el_after_av_one_half  el_before_av_one_half  column-top-margin\" style='border-radius:0px; '><section class=\"av_textblock_section \"  itemscope=\"itemscope\" itemtype=\"https:\/\/schema.org\/CreativeWork\" ><div class='avia_textblock  '   itemprop=\"text\" ><blockquote>\n<p>Ko\u015bci\u00f3\u0142 Udzialskich Franciszkan\u00f3w Parafialnych przez Nuncjusza Apostolskiego uznany a(nno) 1727 p\u00f3\u017aniej utwierdzony Parafialnym z powi\u0119kszeniem instrumentu wydany J.O Xi\u0119cia Ignacego Jakuba Masalskiego G.O. Biskupa wile\u0144skiego Senatora Order\u00f3w or\u0142a Bia\u0142ego i S. Stanis\u0142awa kawalera R 1791. Listopada 2 dnia.<\/p>\n<p>Ca\u0142y ten Ko\u015bci\u00f3\u0142 za troskliw\u0105 staranno\u015bci\u0105 O. O. Franciszkan\u00f3w Zosta\u0142 w\u0142asnym Kosztem Wymurowany i uko\u0144czony R. 1837. Ad. M. D. G.<\/p>\n<\/blockquote>\n<p>Bry\u0142a ko\u015bcio\u0142a klasycystyczno-barokowa. Fasada ozdobiona niszami, pilastrami, p\u00f3\u0142kolumnami i gzymsami; zwie\u0144czona tr\u00f3jk\u0105tnym szczytem. \u015aciany boczne i p\u00f3\u0142kolista apsyda zdobione pilastrami i gzymsami. Wej\u015bcie na teren ko\u015bcio\u0142a przez dwukondygnacyjn\u0105 bram\u0119-dzwonnic\u0119 o pi\u0119knym kszta\u0142cie, zdobion\u0105 jak ko\u015bci\u00f3\u0142.<\/p>\n<p>Zachowa\u0142a si\u0119 cz\u0119\u015b\u0107 dawnego budynku klasztornego i zabudowa\u0144 gospodarstwa z ciekaw\u0105 bram\u0105. Ko\u015bci\u00f3\u0142 i pozosta\u0142e budynki w czystych, jasnych barwach, otoczone \u0142adn\u0105, starannie utrzyman\u0105 zieleni\u0105. Ca\u0142o\u015b\u0107 obwiedziona murem. Wn\u0119trze ko\u015bcio\u0142a trzynawowe z p\u00f3\u0142kolistym prezbiterium i dwoma zakrystiami. Wystr\u00f3j klasycystyczny o oszcz\u0119dnych i harmonijnych liniach kolumn i ich zwie\u0144cze\u0144. Pi\u0119kna linia ch\u00f3ru i zdobienia o\u0142tarzy. Wn\u0119trze pe\u0142ne \u015bwiat\u0142a. Cenny obraz Matki Bo\u017cej Zwyci\u0119skiej w srebrnej, poz\u0142acanej sukience w jednym z o\u0142tarzy bocznych \u2013 pochodzi z pocz\u0105tku XVIII wieku.<\/p>\n<p style=\"text-align: right;\"><i>Tekst na podst. G. R\u0105kowskiego, \u201eW\u015br\u00f3d jezior i mszar\u00f3w Wile\u0144szczyzny\u201d, Rewasz 2000<\/i><\/p>\n<\/div><\/section><\/div>\n<div class=\"flex_column av_one_half  av-animated-generic bottom-to-top  flex_column_div av-zero-column-padding first  avia-builder-el-10  el_after_av_one_half  el_before_av_one_half  column-top-margin\" style='border-radius:0px; '><p><div  style='padding-bottom:0px; ' class='av-special-heading av-special-heading-h2  blockquote modern-quote  avia-builder-el-11  el_before_av_hr  avia-builder-el-first  '><h2 class='av-special-heading-tag '  itemprop=\"headline\"  >Jak nas znale\u017a\u0107<\/h2><div class='special-heading-border'><div class='special-heading-inner-border' ><\/div><\/div><\/div><br \/>\n<div  style=' margin-top:10px; margin-bottom:10px;'  class='hr hr-custom hr-left hr-icon-no   avia-builder-el-12  el_after_av_heading  el_before_av_google_map  avia-builder-el-last '><span class='hr-inner  inner-border-av-border-fat' style=' width:50px; border-color:#efbb20;' ><span class='hr-inner-style'><\/span><\/span><\/div><br \/>\n<div  class='av_gmaps_sc_main_wrap av_gmaps_main_wrap '><div id='av_gmap_0' class='avia-google-map-container avia-google-map-sc av_gmaps_show_unconditionally av-no-fallback-img ' data-mapid='av_gmap_0'  style='height: 300px;'><a class=\"av_gmaps_browser_disabled av_text_confirm_link av_text_confirm_link_visible\" href=\"https:\/\/www.google.com\/maps\/search\/?api=1&#038;query=211806%20\u0423\u0414\u0415\u041b\u041e,%20\u0443\u043b.%20\u041d\u0430\u0431\u0435\u0440\u0430\u0436\u043d\u0430\u044f%202%20211806%20\u0423\u0414\u0415\u041b\u041e%20BL%20Bia\u0142oru\u015b\" target=\"_blank\" rel=\"noopener\">Maps were disabled by the visitor on this site. Click to open the map in a new window.<\/a><\/div><\/div><\/p><\/div>\n<div class=\"flex_column av_one_half  av-animated-generic bottom-to-top  flex_column_div av-zero-column-padding   avia-builder-el-14  el_after_av_one_half  avia-builder-el-last  column-top-margin\" style='border-radius:0px; '><div id='av-masonry-1' class='av-masonry  noHover av-fixed-size av-large-gap av-hover-overlay-active av-masonry-animation-active av-masonry-col-flexible av-caption-always av-caption-style- av-masonry-gallery     '  ><div class='av-masonry-container isotope av-js-disabled ' ><div class='av-masonry-entry isotope-item av-masonry-item-no-image '><\/div><a href=\"https:\/\/www.franciszkanie-warszawa.pl\/wp-content\/uploads\/2015\/12\/vihludzi01-01.jpg\"  aria-label=\"image vihludzi01-01\"  id='av-masonry-1-item-3472' data-av-masonry-item='3472' class='av-masonry-entry isotope-item post-3472 attachment type-attachment status-inherit hentry  av-masonry-item-with-image av-grid-img' title=\"vihludzi01-01\" alt=\"\"   itemprop=\"thumbnailUrl\" ><div class='av-inner-masonry-sizer'><\/div><figure class='av-inner-masonry main_color'><div class=\"av-masonry-outerimage-container\"><div class=\"av-masonry-image-container\" style=\"background-image: url(https:\/\/www.franciszkanie-warszawa.pl\/wp-content\/uploads\/2015\/12\/vihludzi01-01.jpg);\" title=\"vihludzi01-01\" ><\/div><\/div><\/figure><\/a><!--end av-masonry entry--><a href=\"https:\/\/www.franciszkanie-warszawa.pl\/wp-content\/uploads\/2015\/12\/udelo-koscel-4849-1405333459_b3.jpg\"  aria-label=\"image udelo-koscel-4849-1405333459_b3\"  id='av-masonry-1-item-3471' data-av-masonry-item='3471' class='av-masonry-entry isotope-item post-3471 attachment type-attachment status-inherit hentry  av-masonry-item-with-image av-grid-img' title=\"udelo-koscel-4849-1405333459_b3\" alt=\"\"   itemprop=\"thumbnailUrl\" ><div class='av-inner-masonry-sizer'><\/div><figure class='av-inner-masonry main_color'><div class=\"av-masonry-outerimage-container\"><div class=\"av-masonry-image-container\" style=\"background-image: url(https:\/\/www.franciszkanie-warszawa.pl\/wp-content\/uploads\/2015\/12\/udelo-koscel-4849-1405333459_b3-705x529.jpg);\" title=\"udelo-koscel-4849-1405333459_b3\" ><\/div><\/div><\/figure><\/a><!--end av-masonry entry--><a href=\"https:\/\/www.franciszkanie-warszawa.pl\/wp-content\/uploads\/2015\/12\/vihludzi01-16.jpg\"  aria-label=\"image vihludzi01-16\"  id='av-masonry-1-item-3478' data-av-masonry-item='3478' class='av-masonry-entry isotope-item post-3478 attachment type-attachment status-inherit hentry  av-masonry-item-with-image av-grid-img' title=\"vihludzi01-16\" alt=\"\"   itemprop=\"thumbnailUrl\" ><div class='av-inner-masonry-sizer'><\/div><figure class='av-inner-masonry main_color'><div class=\"av-masonry-outerimage-container\"><div class=\"av-masonry-image-container\" style=\"background-image: url(https:\/\/www.franciszkanie-warszawa.pl\/wp-content\/uploads\/2015\/12\/vihludzi01-16.jpg);\" title=\"vihludzi01-16\" ><\/div><\/div><\/figure><\/a><!--end av-masonry entry--><a href=\"https:\/\/www.franciszkanie-warszawa.pl\/wp-content\/uploads\/2015\/12\/vihludzi01-12.jpg\"  aria-label=\"image vihludzi01-12\"  id='av-masonry-1-item-3475' data-av-masonry-item='3475' class='av-masonry-entry isotope-item post-3475 attachment type-attachment status-inherit hentry  av-masonry-item-with-image av-grid-img' title=\"vihludzi01-12\" alt=\"\"   itemprop=\"thumbnailUrl\" ><div class='av-inner-masonry-sizer'><\/div><figure class='av-inner-masonry main_color'><div class=\"av-masonry-outerimage-container\"><div class=\"av-masonry-image-container\" style=\"background-image: url(https:\/\/www.franciszkanie-warszawa.pl\/wp-content\/uploads\/2015\/12\/vihludzi01-12.jpg);\" title=\"vihludzi01-12\" ><\/div><\/div><\/figure><\/a><!--end av-masonry entry--><a href=\"https:\/\/www.franciszkanie-warszawa.pl\/wp-content\/uploads\/2015\/12\/vihludzi01-11.jpg\"  aria-label=\"image vihludzi01-11\"  id='av-masonry-1-item-3474' data-av-masonry-item='3474' class='av-masonry-entry isotope-item post-3474 attachment type-attachment status-inherit hentry  av-masonry-item-with-image av-grid-img' title=\"vihludzi01-11\" alt=\"\"   itemprop=\"thumbnailUrl\" ><div class='av-inner-masonry-sizer'><\/div><figure class='av-inner-masonry main_color'><div class=\"av-masonry-outerimage-container\"><div class=\"av-masonry-image-container\" style=\"background-image: url(https:\/\/www.franciszkanie-warszawa.pl\/wp-content\/uploads\/2015\/12\/vihludzi01-11.jpg);\" title=\"vihludzi01-11\" ><\/div><\/div><\/figure><\/a><!--end av-masonry entry--><a href=\"https:\/\/www.franciszkanie-warszawa.pl\/wp-content\/uploads\/2015\/12\/vihludzi01-20.jpg\"  aria-label=\"image vihludzi01-20\"  id='av-masonry-1-item-3480' data-av-masonry-item='3480' class='av-masonry-entry isotope-item post-3480 attachment type-attachment status-inherit hentry  av-masonry-item-with-image av-grid-img' title=\"vihludzi01-20\" alt=\"\"   itemprop=\"thumbnailUrl\" ><div class='av-inner-masonry-sizer'><\/div><figure class='av-inner-masonry main_color'><div class=\"av-masonry-outerimage-container\"><div class=\"av-masonry-image-container\" style=\"background-image: url(https:\/\/www.franciszkanie-warszawa.pl\/wp-content\/uploads\/2015\/12\/vihludzi01-20.jpg);\" title=\"vihludzi01-20\" ><\/div><\/div><\/figure><\/a><!--end av-masonry entry--><a href=\"https:\/\/www.franciszkanie-warszawa.pl\/wp-content\/uploads\/2015\/12\/vihludzi01-13.jpg\"  aria-label=\"image vihludzi01-13\"  id='av-masonry-1-item-3476' data-av-masonry-item='3476' class='av-masonry-entry isotope-item post-3476 attachment type-attachment status-inherit hentry  av-masonry-item-with-image av-grid-img' title=\"vihludzi01-13\" alt=\"\"   itemprop=\"thumbnailUrl\" ><div class='av-inner-masonry-sizer'><\/div><figure class='av-inner-masonry main_color'><div class=\"av-masonry-outerimage-container\"><div class=\"av-masonry-image-container\" style=\"background-image: url(https:\/\/www.franciszkanie-warszawa.pl\/wp-content\/uploads\/2015\/12\/vihludzi01-13.jpg);\" title=\"vihludzi01-13\" ><\/div><\/div><\/figure><\/a><!--end av-masonry entry--><a href=\"https:\/\/www.franciszkanie-warszawa.pl\/wp-content\/uploads\/2015\/12\/vihludzi01-23.jpg\"  aria-label=\"image vihludzi01-23\"  id='av-masonry-1-item-3482' data-av-masonry-item='3482' class='av-masonry-entry isotope-item post-3482 attachment type-attachment status-inherit hentry  av-masonry-item-with-image av-grid-img' title=\"vihludzi01-23\" alt=\"\"   itemprop=\"thumbnailUrl\" ><div class='av-inner-masonry-sizer'><\/div><figure class='av-inner-masonry main_color'><div class=\"av-masonry-outerimage-container\"><div class=\"av-masonry-image-container\" style=\"background-image: url(https:\/\/www.franciszkanie-warszawa.pl\/wp-content\/uploads\/2015\/12\/vihludzi01-23.jpg);\" title=\"vihludzi01-23\" ><\/div><\/div><\/figure><\/a><!--end av-masonry entry--><a href=\"https:\/\/www.franciszkanie-warszawa.pl\/wp-content\/uploads\/2015\/12\/vihludzi01-15.jpg\"  aria-label=\"image vihludzi01-15\"  id='av-masonry-1-item-3477' data-av-masonry-item='3477' class='av-masonry-entry isotope-item post-3477 attachment type-attachment status-inherit hentry  av-masonry-item-with-image av-grid-img' title=\"vihludzi01-15\" alt=\"\"   itemprop=\"thumbnailUrl\" ><div class='av-inner-masonry-sizer'><\/div><figure class='av-inner-masonry main_color'><div class=\"av-masonry-outerimage-container\"><div class=\"av-masonry-image-container\" style=\"background-image: url(https:\/\/www.franciszkanie-warszawa.pl\/wp-content\/uploads\/2015\/12\/vihludzi01-15.jpg);\" title=\"vihludzi01-15\" ><\/div><\/div><\/figure><\/a><!--end av-masonry entry--><a href=\"https:\/\/www.franciszkanie-warszawa.pl\/wp-content\/uploads\/2015\/12\/vihludzi01-02.jpg\"  aria-label=\"image vihludzi01-02\"  id='av-masonry-1-item-3473' data-av-masonry-item='3473' class='av-masonry-entry isotope-item post-3473 attachment type-attachment status-inherit hentry  av-masonry-item-with-image av-grid-img' title=\"vihludzi01-02\" alt=\"\"   itemprop=\"thumbnailUrl\" ><div class='av-inner-masonry-sizer'><\/div><figure class='av-inner-masonry main_color'><div class=\"av-masonry-outerimage-container\"><div class=\"av-masonry-image-container\" style=\"background-image: url(https:\/\/www.franciszkanie-warszawa.pl\/wp-content\/uploads\/2015\/12\/vihludzi01-02.jpg);\" title=\"vihludzi01-02\" ><\/div><\/div><\/figure><\/a><!--end av-masonry entry--><a href=\"https:\/\/www.franciszkanie-warszawa.pl\/wp-content\/uploads\/2015\/12\/vihludzi01-21.jpg\"  aria-label=\"image vihludzi01-21\"  id='av-masonry-1-item-3481' data-av-masonry-item='3481' class='av-masonry-entry isotope-item post-3481 attachment type-attachment status-inherit hentry  av-masonry-item-with-image av-grid-img' title=\"vihludzi01-21\" alt=\"\"   itemprop=\"thumbnailUrl\" ><div class='av-inner-masonry-sizer'><\/div><figure class='av-inner-masonry main_color'><div class=\"av-masonry-outerimage-container\"><div class=\"av-masonry-image-container\" style=\"background-image: url(https:\/\/www.franciszkanie-warszawa.pl\/wp-content\/uploads\/2015\/12\/vihludzi01-21.jpg);\" title=\"vihludzi01-21\" ><\/div><\/div><\/figure><\/a><!--end av-masonry entry--><a href=\"https:\/\/www.franciszkanie-warszawa.pl\/wp-content\/uploads\/2015\/12\/vihludzi01-18.jpg\"  aria-label=\"image vihludzi01-18\"  id='av-masonry-1-item-3479' data-av-masonry-item='3479' class='av-masonry-entry isotope-item post-3479 attachment type-attachment status-inherit hentry  av-masonry-item-with-image av-grid-img' title=\"vihludzi01-18\" alt=\"\"   itemprop=\"thumbnailUrl\" ><div class='av-inner-masonry-sizer'><\/div><figure class='av-inner-masonry main_color'><div class=\"av-masonry-outerimage-container\"><div class=\"av-masonry-image-container\" style=\"background-image: url(https:\/\/www.franciszkanie-warszawa.pl\/wp-content\/uploads\/2015\/12\/vihludzi01-18.jpg);\" title=\"vihludzi01-18\" ><\/div><\/div><\/figure><\/a><!--end av-masonry entry--><\/div><\/div><\/div>\n","protected":false},"excerpt":{"rendered":"","protected":false},"author":1,"featured_media":0,"parent":0,"menu_order":0,"comment_status":"closed","ping_status":"closed","template":"","meta":{"_crdt_document":"","footnotes":""},"class_list":["post-3470","page","type-page","status-publish","hentry"],"_links":{"self":[{"href":"https:\/\/www.franciszkanie-warszawa.pl\/index.php?rest_route=\/wp\/v2\/pages\/3470","targetHints":{"allow":["GET"]}}],"collection":[{"href":"https:\/\/www.franciszkanie-warszawa.pl\/index.php?rest_route=\/wp\/v2\/pages"}],"about":[{"href":"https:\/\/www.franciszkanie-warszawa.pl\/index.php?rest_route=\/wp\/v2\/types\/page"}],"author":[{"embeddable":true,"href":"https:\/\/www.franciszkanie-warszawa.pl\/index.php?rest_route=\/wp\/v2\/users\/1"}],"replies":[{"embeddable":true,"href":"https:\/\/www.franciszkanie-warszawa.pl\/index.php?rest_route=%2Fwp%2Fv2%2Fcomments&post=3470"}],"version-history":[{"count":2,"href":"https:\/\/www.franciszkanie-warszawa.pl\/index.php?rest_route=\/wp\/v2\/pages\/3470\/revisions"}],"predecessor-version":[{"id":10771,"href":"https:\/\/www.franciszkanie-warszawa.pl\/index.php?rest_route=\/wp\/v2\/pages\/3470\/revisions\/10771"}],"wp:attachment":[{"href":"https:\/\/www.franciszkanie-warszawa.pl\/index.php?rest_route=%2Fwp%2Fv2%2Fmedia&parent=3470"}],"curies":[{"name":"wp","href":"https:\/\/api.w.org\/{rel}","templated":true}]}}